{"id":30,"date":"2026-05-05T03:32:50","date_gmt":"2026-05-05T03:32:50","guid":{"rendered":"https:\/\/tiendanakama.cl\/?post_type=product&#038;p=30"},"modified":"2026-05-05T03:32:50","modified_gmt":"2026-05-05T03:32:50","slug":"tazon-robots","status":"publish","type":"product","link":"https:\/\/tiendanakama.cl\/?product=tazon-robots","title":{"rendered":"Taz\u00f3n Robots"},"content":{"rendered":"<ul>\n<li>Taz\u00f3n de cer\u00e1mica<\/li>\n<li>estampado con sublimaci\u00f3n<\/li>\n<li>Ilustraci\u00f3n de Robots japoneses, Festival de los robots, Ironman 28, Mazinger Z<\/li>\n<\/ul>\n","protected":false},"excerpt":{"rendered":"<p>Taz\u00f3n de cer\u00e1mica estampado con sublimaci\u00f3n Ilustraci\u00f3n de Robots japoneses, Festival de los robots, Ironman 28, Mazinger Z<\/p>\n","protected":false},"featured_media":31,"comment_status":"open","ping_status":"closed","template":"","meta":{"_uag_custom_page_level_css":"","site-sidebar-layout":"default","site-content-layout":"","ast-site-content-layout":"default","site-content-style":"default","site-sidebar-style":"default","ast-global-header-display":"","ast-banner-title-visibility":"","ast-main-header-display":"","ast-hfb-above-header-display":"","ast-hfb-below-header-display":"","ast-hfb-mobile-header-display":"","site-post-title":"","ast-breadcrumbs-content":"","ast-featured-img":"","footer-sml-layout":"","ast-disable-related-posts":"","theme-transparent-header-meta":"default","adv-header-id-meta":"","stick-header-meta":"","header-above-stick-meta":"","header-main-stick-meta":"","header-below-stick-meta":"","astra-migrate-meta-layouts":"set","ast-page-background-enabled":"default","ast-page-background-meta":{"desktop":{"background-color":"var(--ast-global-color-5)","background-image":"","background-repeat":"repeat","background-position":"center center","background-size":"auto","background-attachment":"scroll","background-type":"","background-media":"","overlay-type":"","overlay-color":"","overlay-opacity":"","overlay-gradient":""},"tablet":{"background-color":"","background-image":"","background-repeat":"repeat","background-position":"center center","background-size":"auto","background-attachment":"scroll","background-type":"","background-media":"","overlay-type":"","overlay-color":"","overlay-opacity":"","overlay-gradient":""},"mobile":{"background-color":"","background-image":"","background-repeat":"repeat","background-position":"center center","background-size":"auto","background-attachment":"scroll","background-type":"","background-media":"","overlay-type":"","overlay-color":"","overlay-opacity":"","overlay-gradient":""}},"ast-content-background-meta":{"desktop":{"background-color":"var(--ast-global-color-4)","background-image":"","background-repeat":"repeat","background-position":"center center","background-size":"auto","background-attachment":"scroll","background-type":"","background-media":"","overlay-type":"","overlay-color":"","overlay-opacity":"","overlay-gradient":""},"tablet":{"background-color":"var(--ast-global-color-4)","background-image":"","background-repeat":"repeat","background-position":"center center","background-size":"auto","background-attachment":"scroll","background-type":"","background-media":"","overlay-type":"","overlay-color":"","overlay-opacity":"","overlay-gradient":""},"mobile":{"background-color":"var(--ast-global-color-4)","background-image":"","background-repeat":"repeat","background-position":"center center","background-size":"auto","background-attachment":"scroll","background-type":"","background-media":"","overlay-type":"","overlay-color":"","overlay-opacity":"","overlay-gradient":""}}},"product_brand":[],"product_cat":[17],"product_tag":[22,24,23,21],"class_list":{"0":"post-30","1":"product","2":"type-product","3":"status-publish","4":"has-post-thumbnail","6":"product_cat-tazon","7":"product_tag-el-vengador","8":"product_tag-festival-de-los-robots","9":"product_tag-ironman-28","10":"product_tag-mazinger-z","11":"desktop-align-left","12":"tablet-align-left","13":"mobile-align-left","15":"first","16":"instock","17":"shipping-taxable","18":"purchasable","19":"product-type-simple"},"uagb_featured_image_src":{"full":["https:\/\/tiendanakama.cl\/wp-content\/uploads\/2026\/05\/IMG_4368-scaled.jpeg",2560,1617,false],"thumbnail":["https:\/\/tiendanakama.cl\/wp-content\/uploads\/2026\/05\/IMG_4368-150x150.jpeg",150,150,true],"medium":["https:\/\/tiendanakama.cl\/wp-content\/uploads\/2026\/05\/IMG_4368-300x189.jpeg",300,189,true],"medium_large":["https:\/\/tiendanakama.cl\/wp-content\/uploads\/2026\/05\/IMG_4368-768x485.jpeg",768,485,true],"large":["https:\/\/tiendanakama.cl\/wp-content\/uploads\/2026\/05\/IMG_4368-1024x647.jpeg",1024,647,true],"1536x1536":["https:\/\/tiendanakama.cl\/wp-content\/uploads\/2026\/05\/IMG_4368-1536x970.jpeg",1536,970,true],"2048x2048":["https:\/\/tiendanakama.cl\/wp-content\/uploads\/2026\/05\/IMG_4368-2048x1293.jpeg",2048,1293,true],"mailpoet_newsletter_max":["https:\/\/tiendanakama.cl\/wp-content\/uploads\/2026\/05\/IMG_4368-1320x834.jpeg",1320,834,true],"woocommerce_thumbnail":["https:\/\/tiendanakama.cl\/wp-content\/uploads\/2026\/05\/IMG_4368-300x300.jpeg",300,300,true],"woocommerce_single":["https:\/\/tiendanakama.cl\/wp-content\/uploads\/2026\/05\/IMG_4368-600x379.jpeg",600,379,true],"woocommerce_gallery_thumbnail":["https:\/\/tiendanakama.cl\/wp-content\/uploads\/2026\/05\/IMG_4368-100x100.jpeg",100,100,true]},"uagb_author_info":{"display_name":"RODRIGO ALONSO BAEZA MORALES","author_link":"https:\/\/tiendanakama.cl\/?author=0"},"uagb_comment_info":0,"uagb_excerpt":"Taz\u00f3n de cer\u00e1mica estampado con sublimaci\u00f3n Ilustraci\u00f3n de Robots japoneses, Festival de los robots, Ironman 28, Mazinger Z","jetpack_sharing_enabled":true,"_links":{"self":[{"href":"https:\/\/tiendanakama.cl\/index.php?rest_route=\/wp\/v2\/product\/30","targetHints":{"allow":["GET"]}}],"collection":[{"href":"https:\/\/tiendanakama.cl\/index.php?rest_route=\/wp\/v2\/product"}],"about":[{"href":"https:\/\/tiendanakama.cl\/index.php?rest_route=\/wp\/v2\/types\/product"}],"replies":[{"embeddable":true,"href":"https:\/\/tiendanakama.cl\/index.php?rest_route=%2Fwp%2Fv2%2Fcomments&post=30"}],"wp:featuredmedia":[{"embeddable":true,"href":"https:\/\/tiendanakama.cl\/index.php?rest_route=\/wp\/v2\/media\/31"}],"wp:attachment":[{"href":"https:\/\/tiendanakama.cl\/index.php?rest_route=%2Fwp%2Fv2%2Fmedia&parent=30"}],"wp:term":[{"taxonomy":"product_brand","embeddable":true,"href":"https:\/\/tiendanakama.cl\/index.php?rest_route=%2Fwp%2Fv2%2Fproduct_brand&post=30"},{"taxonomy":"product_cat","embeddable":true,"href":"https:\/\/tiendanakama.cl\/index.php?rest_route=%2Fwp%2Fv2%2Fproduct_cat&post=30"},{"taxonomy":"product_tag","embeddable":true,"href":"https:\/\/tiendanakama.cl\/index.php?rest_route=%2Fwp%2Fv2%2Fproduct_tag&post=30"}],"curies":[{"name":"wp","href":"https:\/\/api.w.org\/{rel}","templated":true}]}}